{"id":223,"date":"2020-05-24T08:55:24","date_gmt":"2020-05-24T08:55:24","guid":{"rendered":"https:\/\/lloretdemarinfo.com\/?page_id=223"},"modified":"2020-05-24T09:39:11","modified_gmt":"2020-05-24T09:39:11","slug":"aanbiedingen-en-kortingscodes-lloret-de-mar-costa-brava","status":"publish","type":"page","link":"https:\/\/www.clubvillamar.fr\/content\/lloret-de-mar\/fr\/remise-reduction-lloret-del-mar\/","title":{"rendered":"Promotions et codes de r\u00e9duction Lloret de Mar (Costa Brava) - sp\u00e9cialement pour vous!"},"content":{"rendered":"<p>Bienvenue dans l'aper\u00e7u des <strong>promotions et des codes de r\u00e9duction<\/strong> pour les s\u00e9jours (h\u00e9bergements) et les activit\u00e9s, en particulier, \u00e0 <strong>Lloret de Mar sur la Costa Brava<\/strong>. Nous proposons \u00e9galement des r\u00e9ductions de prix pour les visites \u00e0 G\u00e9rone et \u00e0 Barcelone, entre autres. <\/p>\n\n\n\n<p>\u00c0 Lloret de Mar, il y a beaucoup de choses \u00e0 faire, \u00e0 voir et \u00e0 d\u00e9couvrir, mais c'est encore plus amusant si vous payez moins cher gr\u00e2ce \u00e0 un code de r\u00e9duction! Que ce soit la location d'une villa de luxe, une super journ\u00e9e au parc aquatique de Waterworld ou une autre activit\u00e9, un bon code de r\u00e9duction n'est jamais en trop!<\/p>\n\n\n\n<p>Voil\u00e0 pourquoi nous souhaitons vous aider avec des codes de r\u00e9duction et des prmotions pour vos vacances \u00e0 Lloret! Vous trouverez ci-dessous un aper\u00e7u des codes de r\u00e9duction. Nous vous souhaitons beaucoup d'amusement (pour moins d'argent ;-)) \u00e0 Lloret de Mar.<\/p>\n\n\n\n<p>Voulez-vous que d'autres personnes profitent \u00e9galement de ces r\u00e9ductions? Partagez <strong>cette page de mani\u00e8re tr\u00e8s simple sur les r\u00e9seaux sociaux<\/strong>.<\/p>\n\n\n\n<h2 class=\"wp-block-heading\"><a aria-label=\"Remise sur l&#039;h\u00e9bergement \u00e0 Lloret de Mar (s&#039;ouvre dans un nouvel onglet)\" href=\"\/content\/lloret-de-mar\/fr\/kortingscodes-en-aanbiedingen-accommodaties-lloret-de-mar\/\" target=\"_blank\" rel=\"noreferrer noopener\" class=\"rank-math-link\">R\u00e9duction sur l&#039;h\u00e9bergement \u00e0 Lloret de Mar<\/a> (cliquer ici)<\/h2>\n\n\n\n<figure class=\"wp-block-image size-large\"><img loading=\"lazy\" decoding=\"async\" width=\"800\" height=\"536\" src=\"\/content\/lloret-de-mar\/wp-content\/uploads\/2020\/05\/l6.jpg\" alt=\"\" class=\"wp-image-224\" srcset=\"https:\/\/www.clubvillamar.fr\/content\/lloret-de-mar\/wp-content\/uploads\/2020\/05\/l6.jpg 800w, https:\/\/www.clubvillamar.fr\/content\/lloret-de-mar\/wp-content\/uploads\/2020\/05\/l6-300x201.jpg 300w, https:\/\/www.clubvillamar.fr\/content\/lloret-de-mar\/wp-content\/uploads\/2020\/05\/l6-768x515.jpg 768w\" sizes=\"(max-width: 800px) 100vw, 800px\" \/><figcaption><a href=\"\/content\/lloret-de-mar\/fr\/aanbiedingen-en-kortingscodes-lloret-de-mar-costa-brava\/kortingscodes-en-aanbiedingen-accommodaties-lloret-de-mar\/\" target=\"_blank\" aria-label=\"Codes de r\u00e9duction pour les h\u00e9bergements \u00e0 Lloret de Mar (s&#039;ouvre dans un nouvel onglet)\" rel=\"noreferrer noopener\" class=\"rank-math-link\">Codes de r\u00e9duction pour les h\u00e9bergements \u00e0 Lloret de Mar.<\/a><\/figcaption><\/figure>\n\n\n\n<h2 class=\"wp-block-heading\">Remise sur des Activit\u00e9s \u00e0 Lloret de Mar<\/h2>\n\n\n\n<figure class=\"wp-block-image size-large\"><img loading=\"lazy\" decoding=\"async\" width=\"1000\" height=\"665\" src=\"\/content\/lloret-de-mar\/wp-content\/uploads\/2020\/05\/Wat-te-doen-in-Lloret-de-Mar-Aventura-Park.jpg\" alt=\"\" class=\"wp-image-161\" srcset=\"https:\/\/www.clubvillamar.fr\/content\/lloret-de-mar\/wp-content\/uploads\/2020\/05\/Wat-te-doen-in-Lloret-de-Mar-Aventura-Park.jpg 1000w, https:\/\/www.clubvillamar.fr\/content\/lloret-de-mar\/wp-content\/uploads\/2020\/05\/Wat-te-doen-in-Lloret-de-Mar-Aventura-Park-300x200.jpg 300w, https:\/\/www.clubvillamar.fr\/content\/lloret-de-mar\/wp-content\/uploads\/2020\/05\/Wat-te-doen-in-Lloret-de-Mar-Aventura-Park-768x511.jpg 768w\" sizes=\"(max-width: 1000px) 100vw, 1000px\" \/><figcaption>R\u00e9ductions et promotions sur les activit\u00e9s \u00e0 Lloret<\/figcaption><\/figure>","protected":false},"excerpt":{"rendered":"<p>Bienvenue dans l&#039;aper\u00e7u des offres et codes de r\u00e9duction pour les s\u00e9jours (h\u00e9bergements) et les activit\u00e9s, en particulier \u00e0 Lloret de Mar sur la Costa Brava. Nous vous proposons \u00e9galement des r\u00e9ductions de prix pour<\/p>","protected":false},"author":2,"featured_media":224,"parent":0,"menu_order":0,"comment_status":"closed","ping_status":"closed","template":"","meta":{"om_disable_all_campaigns":false,"footnotes":""},"_links":{"self":[{"href":"https:\/\/www.clubvillamar.fr\/content\/lloret-de-mar\/fr\/wp-json\/wp\/v2\/pages\/223"}],"collection":[{"href":"https:\/\/www.clubvillamar.fr\/content\/lloret-de-mar\/fr\/wp-json\/wp\/v2\/pages"}],"about":[{"href":"https:\/\/www.clubvillamar.fr\/content\/lloret-de-mar\/fr\/wp-json\/wp\/v2\/types\/page"}],"author":[{"embeddable":true,"href":"https:\/\/www.clubvillamar.fr\/content\/lloret-de-mar\/fr\/wp-json\/wp\/v2\/users\/2"}],"replies":[{"embeddable":true,"href":"https:\/\/www.clubvillamar.fr\/content\/lloret-de-mar\/fr\/wp-json\/wp\/v2\/comments?post=223"}],"version-history":[{"count":7,"href":"https:\/\/www.clubvillamar.fr\/content\/lloret-de-mar\/fr\/wp-json\/wp\/v2\/pages\/223\/revisions"}],"predecessor-version":[{"id":243,"href":"https:\/\/www.clubvillamar.fr\/content\/lloret-de-mar\/fr\/wp-json\/wp\/v2\/pages\/223\/revisions\/243"}],"wp:featuredmedia":[{"embeddable":true,"href":"https:\/\/www.clubvillamar.fr\/content\/lloret-de-mar\/fr\/wp-json\/wp\/v2\/media\/224"}],"wp:attachment":[{"href":"https:\/\/www.clubvillamar.fr\/content\/lloret-de-mar\/fr\/wp-json\/wp\/v2\/media?parent=223"}],"curies":[{"name":"wp","href":"https:\/\/api.w.org\/{rel}","templated":true}]}}