{"id":226,"date":"2020-05-24T08:53:46","date_gmt":"2020-05-24T08:53:46","guid":{"rendered":"https:\/\/lloretdemarinfo.com\/?page_id=226"},"modified":"2020-05-24T09:34:14","modified_gmt":"2020-05-24T09:34:14","slug":"kortingscodes-en-aanbiedingen-accommodaties-lloret-de-mar","status":"publish","type":"page","link":"https:\/\/www.clubvillamar.fr\/content\/lloret-de-mar\/fr\/remise-reduction-lloret-del-mar\/remise-reduction-villa-herbergement-lloret-del-mar\/","title":{"rendered":"Codes et offres de r\u00e9duction H\u00e9bergement Lloret de Mar"},"content":{"rendered":"<p>Il y a tellement de plaisir \u00e0 faire \u00e0 Lloret de Mar! Savez-vous ce qui le rend encore plus amusant? R\u00e9ductions et offres sur votre s\u00e9jour. De cette fa\u00e7on, vous dormez encore mieux! Que vous louiez une villa de luxe, ou s\u00e9journiez dans une maison de vacances, une villa de vacances, un appartement, un h\u00f4tel ou sur le camping\u2026 .. C&#039;est encore plus amusant avec une belle remise! <\/p>\n\n\n\n<p>Sur cette page, vous trouverez des offres et des codes de r\u00e9duction de fournisseurs d'h\u00e9bergement \u00e0 Lloret del Mar. Utilisez-le \u00e0 votre avantage! Si vous voulez un code de r\u00e9duction pour une r\u00e9duction sur vos activit\u00e9s \u00e0 Lloret de Mar, cliquez ici!<\/p>\n\n\n\n<h2 class=\"wp-block-heading\">Code de r\u00e9duction Club Villamar!<\/h2>\n\n\n\n<figure class=\"wp-block-image size-large\"><a href=\"https:\/\/www.clubvillamar.nl\" target=\"_blank\" rel=\"noopener noreferrer\"><img loading=\"lazy\" decoding=\"async\" width=\"1024\" height=\"678\" src=\"\/content\/lloret-de-mar\/wp-content\/uploads\/2020\/05\/romana3-1024x678.jpg\" alt=\"\" class=\"wp-image-228\" srcset=\"https:\/\/www.clubvillamar.fr\/content\/lloret-de-mar\/wp-content\/uploads\/2020\/05\/romana3-1024x678.jpg 1024w, https:\/\/www.clubvillamar.fr\/content\/lloret-de-mar\/wp-content\/uploads\/2020\/05\/romana3-300x199.jpg 300w, https:\/\/www.clubvillamar.fr\/content\/lloret-de-mar\/wp-content\/uploads\/2020\/05\/romana3-768x509.jpg 768w, https:\/\/www.clubvillamar.fr\/content\/lloret-de-mar\/wp-content\/uploads\/2020\/05\/romana3.jpg 1200w\" sizes=\"(max-width: 1024px) 100vw, 1024px\" \/><\/a><figcaption>Club Villamar: Leader incontestable de la location de villas et de maisons de vacances sur la Costa Brava (Espagne). Maintenant avec remise!<\/figcaption><\/figure>\n\n\n\n<p>Si vous vous \u00eates concentr\u00e9 sur la location d&#039;une villa de vacances de luxe ou d&#039;une maison de vacances \u00e0 Lloret de Mar, vous avez d\u00e9j\u00e0 d\u00e9couvert que vous ne pouvez pas ignorer le Club Villamar!<\/p>\n\n\n\n<p>Le leader absolu des locations de vacances \u00e0 Lloret, Club Villamar poss\u00e8de litt\u00e9ralement des centaines de villas et locations de vacances \u00e0 Lloret de Mar et dans le reste de la Costa Brava. Ils proposent en fait des maisons de vacances et des r\u00e9sidences dans toute l&#039;Espagne (plus de 3500). Vous trouverez donc sur leur site internet <a aria-label=\"www.clubvillamar.nl (s&#039;ouvre dans un nouvel onglet)\" href=\"https:\/\/www.clubvillamar.nl\" target=\"_blank\" rel=\"noreferrer noopener\" class=\"rank-math-link\">www.clubvillamar.fr<\/a> des milliers de villas avec piscine priv\u00e9e. <\/p>\n\n\n\n<p>Si vous souhaitez louer une villa de vacances avec vos amis ou votre famille, et l'option parfaite est de passer un s\u00e9jour \u00e0 Lloret de Mar, voici (en collaboration avec Club Villamar) un code de r\u00e9duction expr\u00e8s pour vous:<\/p>\n\n\n\n<p><strong>lloretdemarinfo.com 50<\/strong><\/p>\n\n\n\n<p>Entrez ce code dans la 2\u00e8me \u00e9tape de votre r\u00e9servation et vous vous b\u00e9n\u00e9ficierez imm\u00e9diatement d'une remise de 50 euros. Super, n'est-ce pas? \u00c7a fera un d\u00e9jeuner gratuit \u00e0 la plage de Lloret del Mar avec vos amis ou votre famille!<\/p>\n\n\n\n<p><strong>Vous pouvez \u00e9galement partager facilement cet article avec vos amis sur les r\u00e9seaux sociaux (voir les options sur cette page)! <\/strong><\/p>\n\n\n\n<p><strong>Ainsi, tout le monde peut profiter d'une remise chez Club Villamar!<\/strong><\/p>\n\n\n\n<p>Notez s&#039;il vous pla\u00eet: <\/p>\n\n\n\n<ul><li>Ce code de r\u00e9duction ne peut pas \u00eatre en combination avec d'autres r\u00e9ductions<\/li><li>Cette remise s'applique \u00e0 tous les objets se trouvant sur www.clubvillamar.fr<\/li><li>Cette remise est de dur\u00e9e limit\u00e9e, alors utilisez-la rapidement! Allez sur <a href=\"https:\/\/www.clubvillamar.nl\" target=\"_blank\" aria-label=\"www.clubvillamar.nl (s&#039;ouvre dans un nouvel onglet)\" rel=\"noreferrer noopener\" class=\"rank-math-link\">www.clubvillamar.fr<\/a> et faites votre r\u00e9servation maintenant et louez une telle super villa avec piscine priv\u00e9e \u00e0 Lloret de Mar!<\/li><\/ul>","protected":false},"excerpt":{"rendered":"<p>Il y a tellement de plaisir \u00e0 faire \u00e0 Lloret de Mar! Savez-vous ce qui le rend encore plus amusant? R\u00e9ductions et offres sur votre s\u00e9jour. De cette fa\u00e7on, vous dormez encore mieux! Si vous<\/p>","protected":false},"author":2,"featured_media":228,"parent":223,"menu_order":0,"comment_status":"closed","ping_status":"closed","template":"","meta":{"om_disable_all_campaigns":false,"footnotes":""},"_links":{"self":[{"href":"https:\/\/www.clubvillamar.fr\/content\/lloret-de-mar\/fr\/wp-json\/wp\/v2\/pages\/226"}],"collection":[{"href":"https:\/\/www.clubvillamar.fr\/content\/lloret-de-mar\/fr\/wp-json\/wp\/v2\/pages"}],"about":[{"href":"https:\/\/www.clubvillamar.fr\/content\/lloret-de-mar\/fr\/wp-json\/wp\/v2\/types\/page"}],"author":[{"embeddable":true,"href":"https:\/\/www.clubvillamar.fr\/content\/lloret-de-mar\/fr\/wp-json\/wp\/v2\/users\/2"}],"replies":[{"embeddable":true,"href":"https:\/\/www.clubvillamar.fr\/content\/lloret-de-mar\/fr\/wp-json\/wp\/v2\/comments?post=226"}],"version-history":[{"count":7,"href":"https:\/\/www.clubvillamar.fr\/content\/lloret-de-mar\/fr\/wp-json\/wp\/v2\/pages\/226\/revisions"}],"predecessor-version":[{"id":242,"href":"https:\/\/www.clubvillamar.fr\/content\/lloret-de-mar\/fr\/wp-json\/wp\/v2\/pages\/226\/revisions\/242"}],"up":[{"embeddable":true,"href":"https:\/\/www.clubvillamar.fr\/content\/lloret-de-mar\/fr\/wp-json\/wp\/v2\/pages\/223"}],"wp:featuredmedia":[{"embeddable":true,"href":"https:\/\/www.clubvillamar.fr\/content\/lloret-de-mar\/fr\/wp-json\/wp\/v2\/media\/228"}],"wp:attachment":[{"href":"https:\/\/www.clubvillamar.fr\/content\/lloret-de-mar\/fr\/wp-json\/wp\/v2\/media?parent=226"}],"curies":[{"name":"wp","href":"https:\/\/api.w.org\/{rel}","templated":true}]}}